{"id":418,"date":"2020-03-31T15:50:16","date_gmt":"2020-03-31T14:50:16","guid":{"rendered":"https:\/\/the7.io\/online-courses\/?page_id=418"},"modified":"2020-07-06T09:54:40","modified_gmt":"2020-07-06T12:54:40","slug":"institucional","status":"publish","type":"page","link":"https:\/\/idep.gov.ar\/aulavirtual\/institucional\/","title":{"rendered":"Institucional"},"content":{"rendered":"\t\t<div data-elementor-type=\"wp-page\" data-elementor-id=\"418\" class=\"elementor elementor-418\">\n\t\t\t\t\t\t<div class=\"elementor-inner\">\n\t\t\t\t<div class=\"elementor-section-wrap\">\n\t\t\t\t\t\t\t\t\t<section class=\"elementor-section elementor-top-section elementor-element elementor-element-60ccef7b elementor-section-boxed elementor-section-height-default elementor-section-height-default\" data-id=\"60ccef7b\" data-element_type=\"section\" data-settings=\"{&quot;background_background&quot;:&quot;classic&quot;,&quot;shape_divider_bottom&quot;:&quot;mountains&quot;}\">\n\t\t\t\t\t<div class=\"elementor-shape elementor-shape-bottom\" data-negative=\"false\">\n\t\t\t<svg xmlns=\"http:\/\/www.w3.org\/2000\/svg\" viewBox=\"0 0 1000 100\" preserveAspectRatio=\"none\">\n\t<path class=\"elementor-shape-fill\" opacity=\"0.33\" d=\"M473,67.3c-203.9,88.3-263.1-34-320.3,0C66,119.1,0,59.7,0,59.7V0h1000v59.7 c0,0-62.1,26.1-94.9,29.3c-32.8,3.3-62.8-12.3-75.8-22.1C806,49.6,745.3,8.7,694.9,4.7S492.4,59,473,67.3z\"\/>\n\t<path class=\"elementor-shape-fill\" opacity=\"0.66\" d=\"M734,67.3c-45.5,0-77.2-23.2-129.1-39.1c-28.6-8.7-150.3-10.1-254,39.1 s-91.7-34.4-149.2,0C115.7,118.3,0,39.8,0,39.8V0h1000v36.5c0,0-28.2-18.5-92.1-18.5C810.2,18.1,775.7,67.3,734,67.3z\"\/>\n\t<path class=\"elementor-shape-fill\" d=\"M766.1,28.9c-200-57.5-266,65.5-395.1,19.5C242,1.8,242,5.4,184.8,20.6C128,35.8,132.3,44.9,89.9,52.5C28.6,63.7,0,0,0,0 h1000c0,0-9.9,40.9-83.6,48.1S829.6,47,766.1,28.9z\"\/>\n<\/svg>\t\t<\/div>\n\t\t\t\t\t<div class=\"elementor-container elementor-column-gap-wider\">\n\t\t\t\t\t\t\t<div class=\"elementor-row\">\n\t\t\t\t\t<div class=\"elementor-column elementor-col-100 elementor-top-column elementor-element elementor-element-c8c9b45\" data-id=\"c8c9b45\" data-element_type=\"column\">\n\t\t\t<div class=\"elementor-column-wrap elementor-element-populated\">\n\t\t\t\t\t\t\t<div class=\"elementor-widget-wrap\">\n\t\t\t\t\t\t<div class=\"elementor-element elementor-element-1b38ef10 elementor-widget elementor-widget-heading\" data-id=\"1b38ef10\" data-element_type=\"widget\" data-widget_type=\"heading.default\">\n\t\t\t\t<div class=\"elementor-widget-container\">\n\t\t\t<h2 class=\"elementor-heading-title elementor-size-default\">Institucional<\/h2>\t\t<\/div>\n\t\t\t\t<\/div>\n\t\t\t\t\t\t<\/div>\n\t\t\t\t\t<\/div>\n\t\t<\/div>\n\t\t\t\t\t\t\t\t<\/div>\n\t\t\t\t\t<\/div>\n\t\t<\/section>\n\t\t\t\t<section class=\"elementor-section elementor-top-section elementor-element elementor-element-9e4373e elementor-section-content-middle elementor-section-boxed elementor-section-height-default elementor-section-height-default\" data-id=\"9e4373e\" data-element_type=\"section\" data-settings=\"{&quot;background_background&quot;:&quot;classic&quot;}\">\n\t\t\t\t\t\t<div class=\"elementor-container elementor-column-gap-wider\">\n\t\t\t\t\t\t\t<div class=\"elementor-row\">\n\t\t\t\t\t<div class=\"elementor-column elementor-col-50 elementor-top-column elementor-element elementor-element-835099b\" data-id=\"835099b\" data-element_type=\"column\">\n\t\t\t<div class=\"elementor-column-wrap elementor-element-populated\">\n\t\t\t\t\t\t\t<div class=\"elementor-widget-wrap\">\n\t\t\t\t\t\t<div class=\"elementor-element elementor-element-0b7688b elementor-widget elementor-widget-heading\" data-id=\"0b7688b\" data-element_type=\"widget\" data-widget_type=\"heading.default\">\n\t\t\t\t<div class=\"elementor-widget-container\">\n\t\t\t<h3 class=\"elementor-heading-title elementor-size-default\">Qui\u00e9nes somos<\/h3>\t\t<\/div>\n\t\t\t\t<\/div>\n\t\t\t\t<div class=\"elementor-element elementor-element-e277a99 elementor-widget elementor-widget-text-editor\" data-id=\"e277a99\" data-element_type=\"widget\" data-widget_type=\"text-editor.default\">\n\t\t\t\t<div class=\"elementor-widget-container\">\n\t\t\t\t\t\t\t\t<div class=\"elementor-text-editor elementor-clearfix\">\n\t\t\t\t<p>El Instituto de Desarrollo Productivo de Tucum\u00e1n (IDEP) es un ente aut\u00e1rquico creado en 2005 que impulsa el crecimiento de emprendedores, PyME y exportadores tucumanos. Es dirigido por un directorio mixto integrado por empresarios tucumanos de diversos sectores productivos de la provincia, y representantes del gobierno. Es administrador de la Marca Provincia; es la autoridad de referencia en Comercio Exterior y el ejecutor de acciones de promoci\u00f3n comercial y fomento de las exportaciones de productos y servicios.<\/p><p>Con la innovaci\u00f3n, la mejora continua y la calidad como pilares de gesti\u00f3n, el IDEP asesora sobre l\u00edneas de apoyo al desarrollo de proyectos de innovaci\u00f3n y tecnolog\u00eda. Adem\u00e1s, ofrece\u00a0 acompa\u00f1amiento, informaci\u00f3n y asistencia a los emprendimientos y PyME interesados en postularse a programas nacionales.<\/p><p>Desde 2014 es Miembro Asociado de Global GAP. En 2015 obtuvo la certificaci\u00f3n ISO 9001:2008, y en 2018 migr\u00f3 a la versi\u00f3n ISO 9001:2015, garantizando la transparencia y calidad en todos los servicios que le ofrece a las empresas de Tucum\u00e1n.<\/p><p>En su 15\u00ba aniversario lanza su primera Aula Virtual, donde pone a disposici\u00f3n del p\u00fablico en general, de manera gratuita, los contenidos que su equipo de profesionales elabor\u00f3 para promover la formaci\u00f3n de emprendedores y empresarios locales.<\/p>\t\t\t\t\t<\/div>\n\t\t\t\t\t\t<\/div>\n\t\t\t\t<\/div>\n\t\t\t\t\t\t<\/div>\n\t\t\t\t\t<\/div>\n\t\t<\/div>\n\t\t\t\t<div class=\"elementor-column elementor-col-50 elementor-top-column elementor-element elementor-element-e562dbe\" data-id=\"e562dbe\" data-element_type=\"column\">\n\t\t\t<div class=\"elementor-column-wrap elementor-element-populated\">\n\t\t\t\t\t\t\t<div class=\"elementor-widget-wrap\">\n\t\t\t\t\t\t<div class=\"elementor-element elementor-element-e679128 elementor-widget elementor-widget-image\" data-id=\"e679128\" data-element_type=\"widget\" data-widget_type=\"image.default\">\n\t\t\t\t<div class=\"elementor-widget-container\">\n\t\t\t\t\t\t\t\t<div class=\"elementor-image\">\n\t\t\t\t\t\t\t\t\t\t\t\t<img src=\"https:\/\/idep.gov.ar\/aulavirtual\/wp-content\/uploads\/elementor\/thumbs\/aula-virtual-19-orr9wa4w0gzk3laohn7twhwbh0dc2nf106wmzkthf4.jpg\" title=\"aula virtual 19\" alt=\"aula virtual 19\" \/>\t\t\t\t\t\t\t\t\t\t\t\t\t\t<\/div>\n\t\t\t\t\t\t<\/div>\n\t\t\t\t<\/div>\n\t\t\t\t<div class=\"elementor-element elementor-element-06d903e elementor-widget elementor-widget-image\" data-id=\"06d903e\" data-element_type=\"widget\" data-widget_type=\"image.default\">\n\t\t\t\t<div class=\"elementor-widget-container\">\n\t\t\t\t\t\t\t\t<div class=\"elementor-image\">\n\t\t\t\t\t\t\t\t\t\t\t\t<img src=\"https:\/\/idep.gov.ar\/aulavirtual\/wp-content\/uploads\/elementor\/thumbs\/aula-virtual-20-scaled-orr9xsnk8pthhskne2afyzbe707ul2ot8icax3zxc8.jpg\" title=\"aula virtual 20\" alt=\"aula virtual 20\" \/>\t\t\t\t\t\t\t\t\t\t\t\t\t\t<\/div>\n\t\t\t\t\t\t<\/div>\n\t\t\t\t<\/div>\n\t\t\t\t\t\t<\/div>\n\t\t\t\t\t<\/div>\n\t\t<\/div>\n\t\t\t\t\t\t\t\t<\/div>\n\t\t\t\t\t<\/div>\n\t\t<\/section>\n\t\t\t\t<section class=\"elementor-section elementor-top-section elementor-element elementor-element-832cca4 elementor-section-boxed elementor-section-height-default elementor-section-height-default\" data-id=\"832cca4\" data-element_type=\"section\">\n\t\t\t\t\t\t<div class=\"elementor-container elementor-column-gap-no\">\n\t\t\t\t\t\t\t<div class=\"elementor-row\">\n\t\t\t\t\t<div class=\"elementor-column elementor-col-100 elementor-top-column elementor-element elementor-element-237a582\" data-id=\"237a582\" data-element_type=\"column\">\n\t\t\t<div class=\"elementor-column-wrap\">\n\t\t\t\t\t\t\t<div class=\"elementor-widget-wrap\">\n\t\t\t\t\t\t\t\t<\/div>\n\t\t\t\t\t<\/div>\n\t\t<\/div>\n\t\t\t\t\t\t\t\t<\/div>\n\t\t\t\t\t<\/div>\n\t\t<\/section>\n\t\t\t\t\t\t\t\t\t<\/div>\n\t\t\t<\/div>\n\t\t\t\t\t<\/div>\n\t\t","protected":false},"excerpt":{"rendered":"<p>Institucional Qui\u00e9nes somos El Instituto de Desarrollo Productivo de Tucum\u00e1n (IDEP) es un ente aut\u00e1rquico creado en 2005 que impulsa el crecimiento de emprendedores, PyME y exportadores tucumanos. Es dirigido por un directorio mixto integrado por empresarios tucumanos de diversos sectores productivos de la provincia, y representantes del gobierno. Es administrador de la Marca Provincia;&hellip;<\/p>\n","protected":false},"author":1,"featured_media":0,"parent":0,"menu_order":20,"comment_status":"closed","ping_status":"closed","template":"elementor_header_footer","meta":{"_mi_skip_tracking":false},"_links":{"self":[{"href":"https:\/\/idep.gov.ar\/aulavirtual\/wp-json\/wp\/v2\/pages\/418"}],"collection":[{"href":"https:\/\/idep.gov.ar\/aulavirtual\/wp-json\/wp\/v2\/pages"}],"about":[{"href":"https:\/\/idep.gov.ar\/aulavirtual\/wp-json\/wp\/v2\/types\/page"}],"author":[{"embeddable":true,"href":"https:\/\/idep.gov.ar\/aulavirtual\/wp-json\/wp\/v2\/users\/1"}],"replies":[{"embeddable":true,"href":"https:\/\/idep.gov.ar\/aulavirtual\/wp-json\/wp\/v2\/comments?post=418"}],"version-history":[{"count":4,"href":"https:\/\/idep.gov.ar\/aulavirtual\/wp-json\/wp\/v2\/pages\/418\/revisions"}],"predecessor-version":[{"id":2496,"href":"https:\/\/idep.gov.ar\/aulavirtual\/wp-json\/wp\/v2\/pages\/418\/revisions\/2496"}],"wp:attachment":[{"href":"https:\/\/idep.gov.ar\/aulavirtual\/wp-json\/wp\/v2\/media?parent=418"}],"curies":[{"name":"wp","href":"https:\/\/api.w.org\/{rel}","templated":true}]}}